{"id":7798,"date":"2023-05-16T06:56:35","date_gmt":"2023-05-16T06:56:35","guid":{"rendered":"https:\/\/soleilfest.com\/?page_id=7798"},"modified":"2024-05-15T13:25:12","modified_gmt":"2024-05-15T13:25:12","slug":"a-propos-de-nous","status":"publish","type":"page","link":"https:\/\/soleilfest.com\/?page_id=7798&lang=fr","title":{"rendered":"\u00c0 propos de nous"},"content":{"rendered":"<p>[vc_row css=&#8220;.vc_custom_1683044236447{padding-bottom: 10px !important;background-color: #ffffff !important;background-position: 0 0 !important;background-repeat: no-repeat !important;}&#8220; simple_background_color=&#8220;#ffffff&#8220;][vc_column][vc_row_inner row_content_width=&#8220;grid&#8220; css=&#8220;.vc_custom_1496845845359{padding-top: 70px !important;}&#8220;][vc_column_inner]<div class=\"mkdf-elements-holder   mkdf-one-column  mkdf-responsive-mode-768 \" ><div class=\"mkdf-eh-item    \"  data-item-class=\"mkdf-eh-custom-5616\" data-680-768=\"0px 0% 0px 0%\">\n\t<div class=\"mkdf-eh-item-inner\">\n\t\t<div class=\"mkdf-eh-item-content mkdf-eh-custom-5616\" style=\"padding: 0px 3% 0px 0%\">\n\t\t\t<div class=\"mkdf-section-title-holder  \" style=\"text-align: left\">\n\t<div class=\"mkdf-st-inner\">\n\t\t\t\t\t\t\t<h2 class=\"mkdf-st-title\" style=\"color: #191919\">\n\t\t\t\tEn savoir plus sur le festival\t\t\t\t<span class=\"mkdf-st-title-mark\" style=\"color: #ee0034\">.<\/span>\n\t\t\t<\/h2>\n\t\t\t\t\t\t\t<div class=\"mkdf-st-separator\" style=\"background-color: #356bf8\"><\/div>\n\t\t\t\t\t\t\t<\/div>\n<\/div>\t\t<\/div>\n\t<\/div>\n<\/div><\/div>[\/vc_column_inner][\/vc_row_inner][\/vc_column][\/vc_row][vc_row enable_parallax_background_elements=&#8220;yes&#8220; css=&#8220;.vc_custom_1683704784258{padding-top: 20px !important;padding-bottom: 65px !important;}&#8220; left_parallax_background_element=&#8220;7680&#8243; right_parallax_background_element=&#8220;7681&#8243;][vc_column][vc_row_inner row_content_width=&#8220;grid&#8220; css=&#8220;.vc_custom_1683044213509{padding-top: 20px !important;}&#8220;][vc_column_inner offset=&#8220;vc_col-lg-12 vc_col-md-12 vc_col-xs-12&#8243;][vc_empty_space height=&#8220;62px&#8220;][vc_column_text]<strong>INFORMATION G\u00c9N\u00c9RALE<\/strong><\/p>\n<p>La premi\u00e8re \u00e9dition du Festival international francophone \u00ab\u00a0Soleil\u00a0\u00bb a eu lieu en 2011. Puis, en 3 jours, les participants du Royaume de Belgique, de Roumanie, de Gr\u00e8ce et de Bulgarie ont mis en place un projet culturel s\u00e9rieux, qui s&#8217;est d\u00e9velopp\u00e9 \u00e0 une \u00e9chelle inattendue.<\/p>\n<p>En 2013, lors du troisi\u00e8me festival, les participants venaient d\u00e9j\u00e0 de 7 pays.<\/p>\n<p>De 2014 \u00e0 aujourd&#8217;hui, le festival a accueilli 12 pays participants\u00a0: l\u2019Albanie, l\u2019Azerba\u00efdjan, le Royaume de Belgique, la Gr\u00e8ce, la G\u00e9orgie, le Portugal, le Liban, le Royaume du Maroc, la Roumanie, la R\u00e9publique de Mac\u00e9doine du Nord, la France et la Bulgarie.<\/p>\n<p>Aujourd&#8217;hui \u00ab\u00a0Soleil\u00a0\u00bb est progressivement devenu l&#8217;un des \u00e9v\u00e9nements culturels r\u00e9gionaux les plus significatifs qui refl\u00e8te l&#8217;appartenance de la Bulgarie au mouvement francophone international.<\/p>\n<p>Le festival est un \u00e9v\u00e9nement culturel \u00e9litiste o\u00f9 diff\u00e9rents peuples se rencontrent, unis par la cause des valeurs francophones. C&#8217;est aussi l&#8217;occasion de montrer une partie de la richesse historique et culturelle de la Bulgarie \u00e0 nos invit\u00e9s et participants.<\/p>\n<p><strong>LIEU ET HORAIRES<\/strong><\/p>\n<p>Ce n&#8217;est pas un hasard si la ville de Sozopol a \u00e9t\u00e9 choisie pour accueillir le Festival international de la francophonie \u00ab\u00a0Soleil\u00a0\u00bb. Centre commercial et culturel sur la c\u00f4te de la Mer Noire depuis plus de 2 700 ans, son histoire et ses traditions sont une raison suffisante pour les festivaliers se sentir chez soi ici depuis d\u00e9j\u00e0 12 ans.<\/p>\n<p>Le programme du festival couvre tous les lieux embl\u00e9matiques de Sozopol.<\/p>\n<p>Le festival ouvre et ferme toujours aux m\u00eames dates, le 3 juin et le 8 juin. L&#8217;ouverture marque traditionnellement le d\u00e9but de la saison touristique dans la r\u00e9gion de Sozopol.<\/p>\n<p>[\/vc_column_text][\/vc_column_inner][\/vc_row_inner][\/vc_column][\/vc_row][vc_row css=&#8220;.vc_custom_1496835970948{background-color: #fbf9f9 !important;}&#8220;][vc_column css=&#8220;.vc_custom_1496911299092{padding-top: 0px !important;}&#8220;]<div class=\"mkdf-elements-holder   mkdf-two-columns  mkdf-responsive-mode-1024 mkdf-one-column-alignment-center\" ><div class=\"mkdf-eh-item    \" style=\"background-image: url(https:\/\/soleilfest.com\/wp-content\/uploads\/2023\/04\/195253671_498312141622988_2962095923964452664_n-1024x681-1.jpg)\" data-item-class=\"mkdf-eh-custom-5470\" data-1280-1600=\"2% 2% 2% 2%\" data-1024-1280=\"2% 2% 2% 2%\" data-768-1024=\"31% 2% 20% 2%\" data-680-768=\"30% 2% 23% 2%\" data-680=\"45% 2% 2% 2%\">\n\t<div class=\"mkdf-eh-item-inner\">\n\t\t<div class=\"mkdf-eh-item-content mkdf-eh-custom-5470\" style=\"padding: 28% 2% 28% 2%\">\n\t\t\t[vc_empty_space height=&#8220;50px&#8220;]\t\t<\/div>\n\t<\/div>\n<\/div><div class=\"mkdf-eh-item   mkdf-horizontal-alignment-center \" style=\"background-color: #080c96\" data-item-class=\"mkdf-eh-custom-8215\" data-1280-1600=\"13% 18% 13% 11%\" data-1024-1280=\"18% 18% 20% 11%\" data-768-1024=\"11% 19% 13% 16%\" data-680-768=\"11% 18% 12% 17%\" data-680=\"17% 11% 19% 17%\">\n\t<div class=\"mkdf-eh-item-inner\">\n\t\t<div class=\"mkdf-eh-item-content mkdf-eh-custom-8215\" style=\"padding: 4% 18% 5% 17%\">\n\t\t\t<div class=\"mkdf-animation-holder mkdf-element-from-right\" data-animation=\"mkdf-element-from-right\" data-animation-delay=\"300\"><div class=\"mkdf-animation-inner\">[vc_column_text]<\/p>\n<ol>\n<li><strong>Expositions <\/strong><\/li>\n<\/ol>\n<p>Les expositions ont une importance particuli\u00e8re dans le programme du festival, car elles donnent aux artistes de diff\u00e9rentes nations l&#8217;occasion de pr\u00e9senter leur travail et de s&#8217;inspirer de l&#8217;environnement, de l&#8217;atmosph\u00e8re et des personnes avec lesquelles ils interagissent.<\/p>\n<p>\u00c0 ce jour, un total de 59 expositions ont \u00e9t\u00e9 pr\u00e9sent\u00e9es dans toutes les \u00e9ditions du festival.<\/p>\n<ol start=\"2\">\n<li><strong>Concerts<\/strong><\/li>\n<\/ol>\n<p>Jusqu\u2019\u00e0 aujourd\u2019hui, plus de 200 musiciens de grande classe, de diff\u00e9rents pays et de diff\u00e9rents styles &#8211; jazz, classique, pop et ethnique, ont \u00e9t\u00e9 parmi les participants au festival.<\/p>\n<p>Parmi les invit\u00e9s les plus c\u00e9l\u00e9br\u00e9s sont les \u00ab\u00a0Mikhail Yosifov Sextet\u00a0\u00bb, \u00ab\u00a0Sentimental Swingers\u00a0\u00bb, Angel Zaberski, Georgi Petrov, Dimitar Karamfilov, Stoyan Yankulov &#8211; Stundji, Yordanka Hristova, Miro, Zhana Bergendorff, Christiana Louisou, Tony Dimitrova, Vasil Petrov, Silvia Katsarova, Burgas City Brass Orchestra, Orchestre de la Marine militaire bulgare, \u00ab\u00a0Pedro Negrescu Jazz Trio\u00a0\u00bb, Rafael Butaro, Bogdan Mihailescu, Yanka Jarosevici, Lucia Neagoe, Ralitsa Irimia, Leona Varvarichi, Zornitsa Ilarionova, Constanten Gaznie, Cours de musique a l\u2019Lyc\u00e9e des langues romanes \u00ab\u00a0G.S. Rakovski\u00a0\u00bb Burgas.<\/p>\n<ol start=\"3\">\n<li><strong>Cin\u00e9ma<\/strong><\/li>\n<\/ol>\n<p>Chaque ann\u00e9e du festival une soir\u00e9e \u00ab\u00a0Cin\u00e9ma du soir avec un verre de vin\u00a0\u00bb est organis\u00e9e. Avec l&#8217;aide de diverses ambassades, une vari\u00e9t\u00e9 de documentaires int\u00e9ressants, de longs m\u00e9trages et de films scientifiques ont \u00e9t\u00e9 pr\u00e9sent\u00e9s au public et aux invit\u00e9s. Au cours des 11 derni\u00e8res \u00e9ditions, un total de 60 films ont \u00e9t\u00e9 projet\u00e9s, la plupart prim\u00e9s dans divers festivals internationaux.[\/vc_column_text]<\/div><\/div>\t\t<\/div>\n\t<\/div>\n<\/div><\/div><div class=\"mkdf-elements-holder   mkdf-two-columns  mkdf-responsive-mode-1024 mkdf-one-column-alignment-center\" ><div class=\"mkdf-eh-item   mkdf-horizontal-alignment-center \" style=\"background-color: #f3f1f1\" data-item-class=\"mkdf-eh-custom-7412\" data-1280-1600=\"9% 12% 9% 17%\" data-1024-1280=\"17% 8% 15% 7%\" data-768-1024=\"11% 19% 9% 16%\" data-680-768=\"11% 18% 12% 17%\" data-680=\"14% 11% 18% 17%\">\n\t<div class=\"mkdf-eh-item-inner\">\n\t\t<div class=\"mkdf-eh-item-content mkdf-eh-custom-7412\" style=\"padding: 5% 18% 5% 17%\">\n\t\t\t<div class=\"mkdf-animation-holder mkdf-element-from-left\" data-animation=\"mkdf-element-from-left\" data-animation-delay=\"300\"><div class=\"mkdf-animation-inner\">[vc_column_text]<\/p>\n<ol start=\"4\">\n<li><strong>Atelier international de plein air<\/strong><\/li>\n<\/ol>\n<p>Ce module est notre fiert\u00e9. Chaque ann\u00e9e, les organisateurs du festival invitent 20 artistes de diff\u00e9rents pays, tous h\u00e9berg\u00e9s dans le complexe \u00ab\u00a0Green Life Resort\u00a0\u00bb, notre sponsor g\u00e9n\u00e9ral.<\/p>\n<p>Du 31 mai au 08 juin, les peintres doivent cr\u00e9er 2 tableaux chacun d&#8217;un format de 100\/80 cm, \u00e0 l&#8217;acrylique ou \u00e0 l&#8217;huile. Les peintures restent la propri\u00e9t\u00e9 de la Fondation \u00ab\u00a0Soleil\u00a0\u00bb. Elle organise ult\u00e9rieurement des expositions de ces \u0153uvres en Bulgarie et \u00e0 l&#8217;\u00e9tranger. A ce jour, plus de 160 artistes ont particip\u00e9 avec plus de 300 \u0153uvres, pr\u00e9sent\u00e9es entre autres dans des galeries en villes nombreux de Bulgarie, \u00e0 Paris, Prague etc.<\/p>\n<ol start=\"5\">\n<li><strong>Conf\u00e9rences<\/strong><\/li>\n<\/ol>\n<p>Le festival est une occasion pour des rencontres d&#8217;affaires sur des sujets vari\u00e9s entre les invit\u00e9s officiels et les autorit\u00e9s locales, scientifiques, sp\u00e9cialistes. L&#8217;orateur principal \u00e9tait le pr\u00e9sident de la R\u00e9publique de Bulgarie, le feu Dr. Zhelyu Zhelev.<\/p>\n<ol start=\"6\">\n<li><strong>Voyages culinaires<\/strong><\/li>\n<\/ol>\n<p>Traditionnellement, chaque ambassade pr\u00e9sente sa cuisine nationale aux invit\u00e9s du festival. Au fil des ans, des sp\u00e9cialit\u00e9s marocaines et libanaises ont \u00e9t\u00e9 servies, ainsi que du th\u00e9 et du vin azerba\u00efdjanais, de la bi\u00e8re et du chocolat belges, du cognac et du vin g\u00e9orgien, du champagne fran\u00e7ais, du brandy mac\u00e9donien. Pour chaque \u00e9dition, un soutien continu par des vins bulgares de haute qualit\u00e9 est garanti.[\/vc_column_text]<\/div><\/div>[vc_empty_space height=&#8220;30px&#8220;]\t\t<\/div>\n\t<\/div>\n<\/div><div class=\"mkdf-eh-item    \" style=\"background-image: url(https:\/\/soleilfest.com\/wp-content\/uploads\/2023\/04\/196040358_498312008289668_5011971814628412908_n-1024x681-1.jpg)\" data-item-class=\"mkdf-eh-custom-1352\">\n\t<div class=\"mkdf-eh-item-inner\">\n\t\t<div class=\"mkdf-eh-item-content mkdf-eh-custom-1352\" style=\"padding: 28% 2% 28% 2%\">\n\t\t\t[vc_empty_space height=&#8220;50px&#8220;]\t\t<\/div>\n\t<\/div>\n<\/div><\/div>[\/vc_column][\/vc_row][vc_row css=&#8220;.vc_custom_1497513469516{padding-top: 20px !important;background-color: #000000 !important;}&#8220; simple_background_color=&#8220;#000000&#8243;][vc_column css=&#8220;.vc_custom_1683043829308{padding-right: 50px !important;padding-left: 50px !important;}&#8220;][vc_column_text]<strong>ORGANISATEURS DU FESTIVAL\u00a0 <\/strong><\/p>\n<p>Le Festival international francophone \u00ab\u00a0Soleil\u00a0\u00bb est organis\u00e9 par la fondation priv\u00e9e \u00ab\u00a0Soleil\u00a0\u00bb, dont l&#8217;activit\u00e9 vise \u00e0 la promotion de la culture bulgare et des valeurs francophones, ainsi qu&#8217;\u00e0 la r\u00e9alisation de nombreux projets culturels.<\/p>\n<p>La directrice g\u00e9n\u00e9rale de la fondation \u00ab\u00a0Soleil\u00a0\u00bb et directrice du Festival est Mme Alexandrina Issaylova, ancien journaliste \u00e0 la t\u00e9l\u00e9vision nationale bulgare et directrice g\u00e9n\u00e9rale de la galerie d&#8217;art \u00ab\u00a0Draka\u00a0\u00bb pendant plus de 30 ans.<\/p>\n<p>Les membres actifs de la fondation \u00ab\u00a0Soleil\u00a0\u00bb sont\u00a0:<\/p>\n<ol>\n<li>M.\u00a0Slavcho BIBIN \u2013 directeur de l&#8217;organisation et des relations internationales\u00a0;<\/li>\n<li>M.\u00a0Nikola BIBIN \u2013 directeur artistique\u00a0;<\/li>\n<li>Professeur docteur Dimitar VESSELINOV \u2013 directeur scientifique et p\u00e9dagogique\u00a0;<\/li>\n<li>M. Nikolay GERMANOV &#8211; commandant de l&#8217;atelier international de plein air.<\/li>\n<\/ol>\n<p><strong>\u00a0<\/strong><\/p>\n<p><strong>CO-ORGANISATEURS DU FESTIVAL <\/strong><\/p>\n<p>Le co-organisateur principal du festival est la municipalit\u00e9 de Sozopol.<\/p>\n<p>L&#8217;Universit\u00e9 de Sofia \u00ab\u00a0Kliment Ohridski\u00a0\u00bb, la Galerie nationale d&#8217;art, la Galerie \u00ab\u00a0Draka\u00a0\u00bb, l&#8217;Agence d&#8217;\u00c9tat \u00ab\u00a0Archives\u00a0\u00bb, l&#8217;Acad\u00e9mie bulgare des sciences &#8211; Archives scientifiques participent \u00e9galement activement.<\/p>\n<p>Les repr\u00e9sentations diplomatiques \u00e0 Sofia qui ont contribu\u00e9 au festival sont la \u00ab\u00a0D\u00e9l\u00e9gation Wallonie-Bruxelles| Bucarest, les ambassades d&#8217;Albanie, d&#8217;Azerba\u00efdjan, de Gr\u00e8ce, de G\u00e9orgie, du Royaume de Belgique, du Liban, du Royaume du Maroc, de la Roumanie, de la R\u00e9publique de Mac\u00e9doine du Nord, et de la France.<\/p>\n<p>&nbsp;<\/p>\n<p>[\/vc_column_text][vc_row_inner row_content_width=&#8220;grid&#8220; css=&#8220;.vc_custom_1496915155578{padding-top: 70px !important;}&#8220;][vc_column_inner offset=&#8220;vc_col-lg-12 vc_col-md-12 vc_col-xs-12&#8243;]<div class=\"mkdf-elements-holder   mkdf-one-column  mkdf-responsive-mode-768 \" ><div class=\"mkdf-eh-item   mkdf-horizontal-alignment-center \"  data-item-class=\"mkdf-eh-custom-2866\" data-768-1024=\"0px 26% 0px 0%\" data-680-768=\"0px 5% 0px 0%\" data-680=\"0px 3% 0px 0%\">\n\t<div class=\"mkdf-eh-item-inner\">\n\t\t<div class=\"mkdf-eh-item-content mkdf-eh-custom-2866\" style=\"padding: 0px 49% 0px 0%\">\n\t\t\t\t\t<\/div>\n\t<\/div>\n<\/div><\/div>[vc_empty_space height=&#8220;50px&#8220;][\/vc_column_inner][\/vc_row_inner][\/vc_column][\/vc_row][vc_row enable_parallax_background_elements=&#8220;yes&#8220; css=&#8220;.vc_custom_1683704913092{padding-top: 50px !important;padding-bottom: 65px !important;}&#8220; left_parallax_background_element=&#8220;7680&#8243; right_parallax_background_element=&#8220;7681&#8243;][vc_column][vc_row_inner row_content_width=&#8220;grid&#8220; css=&#8220;.vc_custom_1496915155578{padding-top: 70px !important;}&#8220;][vc_column_inner offset=&#8220;vc_col-lg-12 vc_col-md-12 vc_col-xs-12&#8243;]<div class=\"mkdf-elements-holder   mkdf-one-column  mkdf-responsive-mode-768 \" ><div class=\"mkdf-eh-item    \"  data-item-class=\"mkdf-eh-custom-8928\" data-1024-1280=\"0px 45% 0px 0%\" data-768-1024=\"0px 14% 0px 0%\" data-680-768=\"0px 5% 0px 0%\" data-680=\"0px 3% 0px 0%\">\n\t<div class=\"mkdf-eh-item-inner\">\n\t\t<div class=\"mkdf-eh-item-content mkdf-eh-custom-8928\" style=\"padding: 0px 49% 0px 0%\">\n\t\t\t<div class=\"mkdf-section-title-holder  \" style=\"text-align: left\">\n\t<div class=\"mkdf-st-inner\">\n\t\t\t\t\t\t\t<h2 class=\"mkdf-st-title\" style=\"color: #191919\">\n\t\t\t\tSPONSORS AND MEDIA PARTNERS\t\t\t\t<span class=\"mkdf-st-title-mark\" style=\"color: #ee0034\">.<\/span>\n\t\t\t<\/h2>\n\t\t\t\t\t\t\t<div class=\"mkdf-st-separator\" style=\"background-color: #356bf8\"><\/div>\n\t\t\t\t\t\t\t<\/div>\n<\/div>\t\t<\/div>\n\t<\/div>\n<\/div><\/div>[vc_empty_space height=&#8220;62px&#8220;][vc_column_text]Liste des sponsors et partenaires :<br \/>\nBibendum, Fortex, AirFrance, Roprint, Rebrand, Restaurant Porto Elea, Paradise Bay, H\u00f4tel Cavalier, H\u00f4tel Sea Sense, H\u00f4tel Paradise Bay, Complexe Santa Marina<\/p>\n<p>&nbsp;<\/p>\n<p><strong>PARTENAIRES DU M\u00c9DIA\u00a0 <\/strong><\/p>\n<p>Le partenaire m\u00e9dia g\u00e9n\u00e9ral du festival est la t\u00e9l\u00e9vision nationale bulgare.<\/p>\n<p>Un partenaire m\u00e9dia privil\u00e9gi\u00e9 de \u00ab\u00a0Soleil\u00a0\u00bb est Nova News.<\/p>\n<p>Tous les \u00e9v\u00e9nements du festival sont couverts par la radio nationale bulgare, la radio Focus, les journaux \u00ab\u00a0Filter\u00a0\u00bb, \u00ab\u00a0Gallery\u00a0\u00bb, \u00ab\u00a0Standard\u00a0\u00bb, \u00ab\u00a0Telegraph\u00a0\u00bb.[\/vc_column_text][\/vc_column_inner][\/vc_row_inner][\/vc_column][\/vc_row][vc_row css=&#8220;.vc_custom_1497513469516{padding-top: 20px !important;background-color: #000000 !important;}&#8220; simple_background_color=&#8220;#000000&#8243;][vc_column css=&#8220;.vc_custom_1683043829308{padding-right: 50px !important;padding-left: 50px !important;}&#8220;][vc_column_text]<strong>PRIX<\/strong><\/p>\n<p>Au cours des 12 derni\u00e8res ann\u00e9es, de nombreuses personnes de diff\u00e9rentes nations, avec diff\u00e9rents statuts sociaux et professions ont contribu\u00e9 au d\u00e9veloppement du festival. C&#8217;est la raison pour laquelle le conseil d&#8217;administration de la Fondation \u00ab\u00a0Soleil\u00a0\u00bb a cr\u00e9\u00e9 deux prix sp\u00e9ciaux \u2013 \u00ab\u00a0Directeur honoraire du Festival\u00a0\u00bb et \u00ab\u00a0Pour m\u00e9rites sp\u00e9ciaux\u00a0\u00bb, qui sont d\u00e9cern\u00e9s chaque ann\u00e9e en signe d&#8217;appr\u00e9ciation.<\/p>\n<p>Ces prix sont d\u00e9cern\u00e9s aux personnes qui, au cours de chaque ann\u00e9e de festival, ont contribu\u00e9 \u00e0 la promotion de l&#8217;\u00e9v\u00e9nement et des id\u00e9es de la francophonie, ont attir\u00e9 de nouveaux participants et sponsors, ont appuy\u00e9 la programmation et ont consacr\u00e9 leur temps et leur argent \u00e0 contribuer \u00e0 faire de festivals un v\u00e9ritable \u00e9v\u00e9nement.<\/p>\n<p>&nbsp;<\/p>\n<p>Jusqu&#8217;\u00e0 pr\u00e9sent, le prix \u00ab\u00a0DIRECTEUR HONORAIRE DU FESTIVAL\u00a0\u00bb a \u00e9t\u00e9 d\u00e9cern\u00e9 \u00e0:<\/p>\n<ol>\n<li>S.E. Marc Michelson, Ambassadeur du Royaume de Belgique.<\/li>\n<li>S.E. Anton Pakuretsu, Ambassadeur de Roumanie.<\/li>\n<li>S.E. Latifa Akharbash, Ambassadeur du Royaume du Maroc.<\/li>\n<li>S.E. Annick Van Kalster, Ambassadeur du Royaume de Belgique.<\/li>\n<li>S.E. Suzan Mouzi, Ambassadeur du Liban.<\/li>\n<li>M. Svetoslav Glossov, Consul honoraire du Royaume du Maroc.<\/li>\n<li>Mme Evgenia Popescu, Consul honoraire de Roumanie.<\/li>\n<li>S.E. Nargiz Gurbanova, Ambassadeur d&#8217;Azerba\u00efdjan.<\/li>\n<li>S.E. Tamara Liluashvili, Ambassadeur de G\u00e9orgie.<\/li>\n<li>S.E. Donika Hoxha, Ambassadeur d&#8217;Albanie.<\/li>\n<\/ol>\n<p>Le prix \u00ab\u00a0POUR MERITES SPECIAUX\u00a0\u00bb a \u00e9t\u00e9 d\u00e9cern\u00e9 \u00e0:<\/p>\n<ol>\n<li>Mme Vyara Ankova, directrice g\u00e9n\u00e9rale de la t\u00e9l\u00e9vision nationale bulgare.<\/li>\n<li>M. Stefan Sharlopov, homme d&#8217;affaires.<\/li>\n<li>M. Panayot Reizi, maire de la municipalit\u00e9 de Sozopol.<\/li>\n<li>M. Filip Harmandzhiev, homme d&#8217;affaires.<\/li>\n<li>Mme Krasimira Germanova, pr\u00e9sidente du conseil municipal de Sozopol.<\/li>\n<li>M. Nikolay Pehlivanov, homme d&#8217;affaires.<\/li>\n<li>Prof. Dr. Dimitar Vesselinov, Universit\u00e9 de Sofia \u00ab\u00a0Kliment Ohridski\u00a0\u00bb.<\/li>\n<li>Mme Pepa Zapryanova, enseignante au l\u2019Lyc\u00e9e des langues romanes \u00ab\u00a0G.S. Rakovski\u00a0\u00bb Burgas.<\/li>\n<li>M. Dimitar Nedev, directeur du Centre des mus\u00e9es de Sozopol.<\/li>\n<li>M. Ivan Bakhchevanov, directeur de la galerie d&#8217;art Sozopol.<\/li>\n<li>M. Vasko Shutarov, directeur de l&#8217;Institut culturel de Mac\u00e9doine du Nord.<\/li>\n<li>M. Sasho Nasev, directeur de l&#8217;Institut culturel de Mac\u00e9doine du Nord.<\/li>\n<\/ol>\n<p>[\/vc_column_text][vc_row_inner row_content_width=&#8220;grid&#8220; css=&#8220;.vc_custom_1496915155578{padding-top: 70px !important;}&#8220;][vc_column_inner offset=&#8220;vc_col-lg-12 vc_col-md-12 vc_col-xs-12&#8243;]<div class=\"mkdf-elements-holder   mkdf-one-column  mkdf-responsive-mode-768 \" ><div class=\"mkdf-eh-item   mkdf-horizontal-alignment-center \"  data-item-class=\"mkdf-eh-custom-9822\" data-768-1024=\"0px 26% 0px 0%\" data-680-768=\"0px 5% 0px 0%\" data-680=\"0px 3% 0px 0%\">\n\t<div class=\"mkdf-eh-item-inner\">\n\t\t<div class=\"mkdf-eh-item-content mkdf-eh-custom-9822\" style=\"padding: 0px 49% 0px 0%\">\n\t\t\t\t\t<\/div>\n\t<\/div>\n<\/div><\/div>[vc_empty_space height=&#8220;50px&#8220;][\/vc_column_inner][\/vc_row_inner][\/vc_column][\/vc_row]<\/p>\n","protected":false},"excerpt":{"rendered":"<p>[vc_row css=&#8220;.vc_custom_1683044236447{padding-bottom: 10px !important;background-color: #ffffff !important;background-position: 0 0 !important;background-repeat: no-repeat !important;}&#8220; simple_background_color=&#8220;#ffffff&#8220;][vc_column][vc_row_inner row_content_width=&#8220;grid&#8220; css=&#8220;.vc_custom_1496845845359{padding-top: 70px !important;}&#8220;][vc_column_inner][\/vc_column_inner][\/vc_row_inner][\/vc_column][\/vc_row][vc_row enable_parallax_background_elements=&#8220;yes&#8220; css=&#8220;.vc_custom_1683704784258{padding-top: 20px !important;padding-bottom: 65px !important;}&#8220; left_parallax_background_element=&#8220;7680&#8243; right_parallax_background_element=&#8220;7681&#8243;][vc_column][vc_row_inner row_content_width=&#8220;grid&#8220; css=&#8220;.vc_custom_1683044213509{padding-top: 20px !important;}&#8220;][vc_column_inner offset=&#8220;vc_col-lg-12 vc_col-md-12 vc_col-xs-12&#8243;][vc_empty_space height=&#8220;62px&#8220;][vc_column_text]INFORMATION G\u00c9N\u00c9RALE La premi\u00e8re \u00e9dition du Festival international francophone [&hellip;]<\/p>\n","protected":false},"author":1,"featured_media":0,"parent":0,"menu_order":0,"comment_status":"closed","ping_status":"closed","template":"full-width.php","meta":{"footnotes":""},"class_list":["post-7798","page","type-page","status-publish","hentry"],"_links":{"self":[{"href":"https:\/\/soleilfest.com\/index.php?rest_route=\/wp\/v2\/pages\/7798","targetHints":{"allow":["GET"]}}],"collection":[{"href":"https:\/\/soleilfest.com\/index.php?rest_route=\/wp\/v2\/pages"}],"about":[{"href":"https:\/\/soleilfest.com\/index.php?rest_route=\/wp\/v2\/types\/page"}],"author":[{"embeddable":true,"href":"https:\/\/soleilfest.com\/index.php?rest_route=\/wp\/v2\/users\/1"}],"replies":[{"embeddable":true,"href":"https:\/\/soleilfest.com\/index.php?rest_route=%2Fwp%2Fv2%2Fcomments&post=7798"}],"version-history":[{"count":2,"href":"https:\/\/soleilfest.com\/index.php?rest_route=\/wp\/v2\/pages\/7798\/revisions"}],"predecessor-version":[{"id":8012,"href":"https:\/\/soleilfest.com\/index.php?rest_route=\/wp\/v2\/pages\/7798\/revisions\/8012"}],"wp:attachment":[{"href":"https:\/\/soleilfest.com\/index.php?rest_route=%2Fwp%2Fv2%2Fmedia&parent=7798"}],"curies":[{"name":"wp","href":"https:\/\/api.w.org\/{rel}","templated":true}]}}